{"id":7044,"date":"2023-06-10T19:09:21","date_gmt":"2023-06-10T17:09:21","guid":{"rendered":"http:\/\/www.acmetro.fr\/?page_id=7044"},"modified":"2023-06-10T19:39:32","modified_gmt":"2023-06-10T17:39:32","slug":"accueil-tr","status":"publish","type":"page","link":"https:\/\/www.acmetro.fr\/index.php\/tr\/accueil-tr\/","title":{"rendered":"Accueil-tr"},"content":{"rendered":"\t\t<div data-elementor-type=\"wp-page\" data-elementor-id=\"7044\" class=\"elementor elementor-7044\">\n\t\t\t\t\t\t<section class=\"elementor-section elementor-top-section elementor-element elementor-element-9f5cfc1 elementor-section-boxed elementor-section-height-default elementor-section-height-default\" data-id=\"9f5cfc1\" data-element_type=\"section\">\n\t\t\t\t\t\t<div class=\"elementor-container elementor-column-gap-default\">\n\t\t\t\t\t<div class=\"elementor-column elementor-col-100 elementor-top-column elementor-element elementor-element-1a3c1e3\" data-id=\"1a3c1e3\" data-element_type=\"column\">\n\t\t\t<div class=\"elementor-widget-wrap elementor-element-populated\">\n\t\t\t\t\t\t<div class=\"elementor-element elementor-element-62b94d3 elementor-widget elementor-widget-spacer\" data-id=\"62b94d3\" data-element_type=\"widget\" data-widget_type=\"spacer.default\">\n\t\t\t\t<div class=\"elementor-widget-container\">\n\t\t\t\t\t\t\t<div class=\"elementor-spacer\">\n\t\t\t<div class=\"elementor-spacer-inner\"><\/div>\n\t\t<\/div>\n\t\t\t\t\t\t<\/div>\n\t\t\t\t<\/div>\n\t\t\t\t\t<\/div>\n\t\t<\/div>\n\t\t\t\t\t<\/div>\n\t\t<\/section>\n\t\t\t\t<section class=\"elementor-section elementor-top-section elementor-element elementor-element-438e5fb9 elementor-section-full_width elementor-section-height-default elementor-section-height-default\" data-id=\"438e5fb9\" data-element_type=\"section\">\n\t\t\t\t\t\t\t<div class=\"elementor-background-overlay\"><\/div>\n\t\t\t\t\t\t\t<div class=\"elementor-container elementor-column-gap-default\">\n\t\t\t\t\t<div class=\"elementor-column elementor-col-100 elementor-top-column elementor-element elementor-element-6eafaca5\" data-id=\"6eafaca5\" data-element_type=\"column\">\n\t\t\t<div class=\"elementor-widget-wrap elementor-element-populated\">\n\t\t\t\t\t\t<div class=\"elementor-element elementor-element-5d66ea6b elementor-widget elementor-widget-text-editor\" data-id=\"5d66ea6b\" data-element_type=\"widget\" data-widget_type=\"text-editor.default\">\n\t\t\t\t<div class=\"elementor-widget-container\">\n\t\t\t\t\t\t\t\t\t<h2>M\u00fckemmellik hedeflerinize ula\u015fmak i\u00e7in titizlik ve nezaket<\/h2><ul><li>Laboratuarlar, kalite organizasyonlar\u0131 i\u00e7in teknik-idari s\u00fcre\u00e7lerin optimize edilmesine y\u00f6nelik dan\u0131\u015fmanl\u0131k<\/li><li>Metrolojik uzmanl\u0131k<\/li><\/ul>\t\t\t\t\t\t\t\t<\/div>\n\t\t\t\t<\/div>\n\t\t\t\t\t<\/div>\n\t\t<\/div>\n\t\t\t\t\t<\/div>\n\t\t<\/section>\n\t\t\t\t<section class=\"elementor-section elementor-top-section elementor-element elementor-element-27c198c elementor-section-boxed elementor-section-height-default elementor-section-height-default\" data-id=\"27c198c\" data-element_type=\"section\">\n\t\t\t\t\t\t<div class=\"elementor-container elementor-column-gap-default\">\n\t\t\t\t\t<div class=\"elementor-column elementor-col-100 elementor-top-column elementor-element elementor-element-c903e8b\" data-id=\"c903e8b\" data-element_type=\"column\">\n\t\t\t<div class=\"elementor-widget-wrap elementor-element-populated\">\n\t\t\t\t\t\t<div class=\"elementor-element elementor-element-b68a05b elementor-widget-divider--view-line elementor-widget elementor-widget-divider\" data-id=\"b68a05b\" data-element_type=\"widget\" data-widget_type=\"divider.default\">\n\t\t\t\t<div class=\"elementor-widget-container\">\n\t\t\t\t\t\t\t<div class=\"elementor-divider\">\n\t\t\t<span class=\"elementor-divider-separator\">\n\t\t\t\t\t\t<\/span>\n\t\t<\/div>\n\t\t\t\t\t\t<\/div>\n\t\t\t\t<\/div>\n\t\t\t\t\t<\/div>\n\t\t<\/div>\n\t\t\t\t\t<\/div>\n\t\t<\/section>\n\t\t\t\t<section class=\"elementor-section elementor-top-section elementor-element elementor-element-e333b0e elementor-section-full_width elementor-section-height-default elementor-section-height-default\" data-id=\"e333b0e\" data-element_type=\"section\">\n\t\t\t\t\t\t<div class=\"elementor-container elementor-column-gap-default\">\n\t\t\t\t\t<div class=\"elementor-column elementor-col-100 elementor-top-column elementor-element elementor-element-2664c83\" data-id=\"2664c83\" data-element_type=\"column\">\n\t\t\t<div class=\"elementor-widget-wrap elementor-element-populated\">\n\t\t\t\t\t\t<div class=\"elementor-element elementor-element-b71c8ec elementor-widget elementor-widget-heading\" data-id=\"b71c8ec\" data-element_type=\"widget\" data-widget_type=\"heading.default\">\n\t\t\t\t<div class=\"elementor-widget-container\">\n\t\t\t\t\t<h3 class=\"elementor-heading-title elementor-size-default\">Faaliyet alan\u0131m\u0131z :<\/h3>\t\t\t\t<\/div>\n\t\t\t\t<\/div>\n\t\t\t\t\t<\/div>\n\t\t<\/div>\n\t\t\t\t\t<\/div>\n\t\t<\/section>\n\t\t\t\t<section class=\"elementor-section elementor-top-section elementor-element elementor-element-9518c3a elementor-section-full_width elementor-section-height-default elementor-section-height-default\" data-id=\"9518c3a\" data-element_type=\"section\">\n\t\t\t\t\t\t<div class=\"elementor-container elementor-column-gap-default\">\n\t\t\t\t\t<div class=\"elementor-column elementor-col-25 elementor-top-column elementor-element elementor-element-618c729\" data-id=\"618c729\" data-element_type=\"column\">\n\t\t\t<div class=\"elementor-widget-wrap elementor-element-populated\">\n\t\t\t\t\t\t<div class=\"elementor-element elementor-element-79c2c45 elementor-view-default elementor-widget elementor-widget-icon\" data-id=\"79c2c45\" data-element_type=\"widget\" data-widget_type=\"icon.default\">\n\t\t\t\t<div class=\"elementor-widget-container\">\n\t\t\t\t\t\t\t<div class=\"elementor-icon-wrapper\">\n\t\t\t<div class=\"elementor-icon\">\n\t\t\t<i aria-hidden=\"true\" class=\"fas fa-thumbs-up\"><\/i>\t\t\t<\/div>\n\t\t<\/div>\n\t\t\t\t\t\t<\/div>\n\t\t\t\t<\/div>\n\t\t\t\t<div class=\"elementor-element elementor-element-846caec elementor-widget elementor-widget-text-editor\" data-id=\"846caec\" data-element_type=\"widget\" data-widget_type=\"text-editor.default\">\n\t\t\t\t<div class=\"elementor-widget-container\">\n\t\t\t\t\t\t\t\t\t<h4>Denetim, tavsiye :<\/h4><ul><li>Dinleyici ICA<\/li><li>ISO CEI 17025, ISO 9001<\/li><li>Akreditasyon proje y\u00f6netimi (laboratuvar)<\/li><li>Belgelendirme (\u00fcr\u00fcn, tesis), CE i\u015faretlemesi<\/li><li>Belgesel s\u00fcre\u00e7<\/li><li>Y\u00f6netim incelemeleri, hedefler<\/li><li>Normatif ve d\u00fczenleyici izleme<\/li><\/ul>\t\t\t\t\t\t\t\t<\/div>\n\t\t\t\t<\/div>\n\t\t\t\t\t<\/div>\n\t\t<\/div>\n\t\t\t\t<div class=\"elementor-column elementor-col-25 elementor-top-column elementor-element elementor-element-38b723d\" data-id=\"38b723d\" data-element_type=\"column\">\n\t\t\t<div class=\"elementor-widget-wrap elementor-element-populated\">\n\t\t\t\t\t\t<div class=\"elementor-element elementor-element-f1fe965 elementor-view-default elementor-widget elementor-widget-icon\" data-id=\"f1fe965\" data-element_type=\"widget\" data-widget_type=\"icon.default\">\n\t\t\t\t<div class=\"elementor-widget-container\">\n\t\t\t\t\t\t\t<div class=\"elementor-icon-wrapper\">\n\t\t\t<div class=\"elementor-icon\">\n\t\t\t<i aria-hidden=\"true\" class=\"fas fa-balance-scale\"><\/i>\t\t\t<\/div>\n\t\t<\/div>\n\t\t\t\t\t\t<\/div>\n\t\t\t\t<\/div>\n\t\t\t\t<div class=\"elementor-element elementor-element-ed37791 elementor-widget elementor-widget-text-editor\" data-id=\"ed37791\" data-element_type=\"widget\" data-widget_type=\"text-editor.default\">\n\t\t\t\t<div class=\"elementor-widget-container\">\n\t\t\t\t\t\t\t\t\t<h4>Metroloji :<\/h4><ul><li>\u00d6l\u00e7\u00fcm belirsizli\u011fi hesaplamas\u0131 (GUM)<\/li><li>\u00d6l\u00e7\u00fcm cihazlar\u0131n\u0131n y\u00f6netimi<\/li><li>Teknik de\u011ferlendirme<\/li><li>Kalibrasyon veya Test Ortaklar\u0131 Bulma<\/li><li>Gaz debimetre uzman\u0131<\/li><\/ul>\t\t\t\t\t\t\t\t<\/div>\n\t\t\t\t<\/div>\n\t\t\t\t\t<\/div>\n\t\t<\/div>\n\t\t\t\t<div class=\"elementor-column elementor-col-25 elementor-top-column elementor-element elementor-element-96e2d37\" data-id=\"96e2d37\" data-element_type=\"column\">\n\t\t\t<div class=\"elementor-widget-wrap elementor-element-populated\">\n\t\t\t\t\t\t<div class=\"elementor-element elementor-element-0d1d826 elementor-view-default elementor-widget elementor-widget-icon\" data-id=\"0d1d826\" data-element_type=\"widget\" data-widget_type=\"icon.default\">\n\t\t\t\t<div class=\"elementor-widget-container\">\n\t\t\t\t\t\t\t<div class=\"elementor-icon-wrapper\">\n\t\t\t<div class=\"elementor-icon\">\n\t\t\t<i aria-hidden=\"true\" class=\"fas fa-graduation-cap\"><\/i>\t\t\t<\/div>\n\t\t<\/div>\n\t\t\t\t\t\t<\/div>\n\t\t\t\t<\/div>\n\t\t\t\t<div class=\"elementor-element elementor-element-90f1744 elementor-widget elementor-widget-text-editor\" data-id=\"90f1744\" data-element_type=\"widget\" data-widget_type=\"text-editor.default\">\n\t\t\t\t<div class=\"elementor-widget-container\">\n\t\t\t\t\t\t\t\t\t<h5><span style=\"font-size: 1.3em;\">E\u011fitim :<\/span><\/h5><ul><li>Metrolo\u011fun iyi uygulamalar\u0131<\/li><li>Belirsizlik hesaplamas\u0131na pratik giri\u015f<\/li><li>Temeller ISO CEI 17025<\/li><\/ul>\t\t\t\t\t\t\t\t<\/div>\n\t\t\t\t<\/div>\n\t\t\t\t\t<\/div>\n\t\t<\/div>\n\t\t\t\t<div class=\"elementor-column elementor-col-25 elementor-top-column elementor-element elementor-element-f80a030\" data-id=\"f80a030\" data-element_type=\"column\">\n\t\t\t<div class=\"elementor-widget-wrap elementor-element-populated\">\n\t\t\t\t\t\t<div class=\"elementor-element elementor-element-fd57cd4 elementor-view-default elementor-widget elementor-widget-icon\" data-id=\"fd57cd4\" data-element_type=\"widget\" data-widget_type=\"icon.default\">\n\t\t\t\t<div class=\"elementor-widget-container\">\n\t\t\t\t\t\t\t<div class=\"elementor-icon-wrapper\">\n\t\t\t<div class=\"elementor-icon\">\n\t\t\t<i aria-hidden=\"true\" class=\"fas fa-laptop-code\"><\/i>\t\t\t<\/div>\n\t\t<\/div>\n\t\t\t\t\t\t<\/div>\n\t\t\t\t<\/div>\n\t\t\t\t<div class=\"elementor-element elementor-element-b6be49c elementor-widget elementor-widget-text-editor\" data-id=\"b6be49c\" data-element_type=\"widget\" data-widget_type=\"text-editor.default\">\n\t\t\t\t<div class=\"elementor-widget-container\">\n\t\t\t\t\t\t\t\t\t<h4>Yaz\u0131l\u0131m :<\/h4><ul><li>Organizasyon ve planlama ara\u00e7lar\u0131 (Laboratuvar, kalite)<\/li><li>Geli\u015fmi\u015f Excel tablolar\u0131, makrolar<\/li><li>Veri taban\u0131 SQL<\/li><\/ul>\t\t\t\t\t\t\t\t<\/div>\n\t\t\t\t<\/div>\n\t\t\t\t\t<\/div>\n\t\t<\/div>\n\t\t\t\t\t<\/div>\n\t\t<\/section>\n\t\t\t\t<section class=\"elementor-section elementor-top-section elementor-element elementor-element-1eb9f1a elementor-section-boxed elementor-section-height-default elementor-section-height-default\" data-id=\"1eb9f1a\" data-element_type=\"section\">\n\t\t\t\t\t\t<div class=\"elementor-container elementor-column-gap-default\">\n\t\t\t\t\t<div class=\"elementor-column elementor-col-100 elementor-top-column elementor-element elementor-element-f8f4516\" data-id=\"f8f4516\" data-element_type=\"column\">\n\t\t\t<div class=\"elementor-widget-wrap elementor-element-populated\">\n\t\t\t\t\t\t<div class=\"elementor-element elementor-element-7832706 elementor-widget-divider--view-line elementor-widget elementor-widget-divider\" data-id=\"7832706\" data-element_type=\"widget\" data-widget_type=\"divider.default\">\n\t\t\t\t<div class=\"elementor-widget-container\">\n\t\t\t\t\t\t\t<div class=\"elementor-divider\">\n\t\t\t<span class=\"elementor-divider-separator\">\n\t\t\t\t\t\t<\/span>\n\t\t<\/div>\n\t\t\t\t\t\t<\/div>\n\t\t\t\t<\/div>\n\t\t\t\t\t<\/div>\n\t\t<\/div>\n\t\t\t\t\t<\/div>\n\t\t<\/section>\n\t\t\t\t<section class=\"elementor-section elementor-top-section elementor-element elementor-element-888b656 elementor-section-full_width elementor-section-height-default elementor-section-height-default\" data-id=\"888b656\" data-element_type=\"section\">\n\t\t\t\t\t\t<div class=\"elementor-container elementor-column-gap-default\">\n\t\t\t\t\t<div class=\"elementor-column elementor-col-100 elementor-top-column elementor-element elementor-element-c6940c0\" data-id=\"c6940c0\" data-element_type=\"column\">\n\t\t\t<div class=\"elementor-widget-wrap elementor-element-populated\">\n\t\t\t\t\t\t<div class=\"elementor-element elementor-element-8344add elementor-widget elementor-widget-heading\" data-id=\"8344add\" data-element_type=\"widget\" data-widget_type=\"heading.default\">\n\t\t\t\t<div class=\"elementor-widget-container\">\n\t\t\t\t\t<h2 class=\"elementor-heading-title elementor-size-default\">ACmetro, size \u00f6zel i\u015f orta\u011f\u0131n\u0131z!<\/h2>\t\t\t\t<\/div>\n\t\t\t\t<\/div>\n\t\t\t\t\t<\/div>\n\t\t<\/div>\n\t\t\t\t\t<\/div>\n\t\t<\/section>\n\t\t\t\t<\/div>\n\t\t","protected":false},"excerpt":{"rendered":"<p>M\u00fckemmellik hedeflerinize ula\u015fmak i\u00e7in titizlik ve nezaket Laboratuarlar, kalite organizasyonlar\u0131 i\u00e7in teknik-idari s\u00fcre\u00e7lerin optimize edilmesine y\u00f6nelik dan\u0131\u015fmanl\u0131k Metrolojik uzmanl\u0131k Faaliyet alan\u0131m\u0131z : Denetim, tavsiye : Dinleyici ICA ISO CEI 17025, ISO 9001 Akreditasyon proje y\u00f6netimi (laboratuvar) Belgelendirme (\u00fcr\u00fcn, tesis), CE i\u015faretlemesi Belgesel s\u00fcre\u00e7 Y\u00f6netim incelemeleri, hedefler Normatif ve d\u00fczenleyici izleme Metroloji : \u00d6l\u00e7\u00fcm belirsizli\u011fi hesaplamas\u0131 [&hellip;]<\/p>\n","protected":false},"author":1,"featured_media":0,"parent":0,"menu_order":0,"comment_status":"closed","ping_status":"open","template":"","meta":{"site-sidebar-layout":"no-sidebar","site-content-layout":"page-builder","ast-site-content-layout":"default","site-content-style":"default","site-sidebar-style":"default","ast-global-header-display":"","ast-banner-title-visibility":"","ast-main-header-display":"","ast-hfb-above-header-display":"","ast-hfb-below-header-display":"","ast-hfb-mobile-header-display":"","site-post-title":"disabled","ast-breadcrumbs-content":"","ast-featured-img":"disabled","footer-sml-layout":"","theme-transparent-header-meta":"","adv-header-id-meta":"","stick-header-meta":"","header-above-stick-meta":"","header-main-stick-meta":"","header-below-stick-meta":"","astra-migrate-meta-layouts":"default","ast-page-background-enabled":"default","ast-page-background-meta":{"desktop":{"background-color":"var(--ast-global-color-4)","background-image":"","background-repeat":"repeat","background-position":"center center","background-size":"auto","background-attachment":"scroll","background-type":"","background-media":"","overlay-type":"","overlay-color":"","overlay-opacity":"","overlay-gradient":""},"tablet":{"background-color":"","background-image":"","background-repeat":"repeat","background-position":"center center","background-size":"auto","background-attachment":"scroll","background-type":"","background-media":"","overlay-type":"","overlay-color":"","overlay-opacity":"","overlay-gradient":""},"mobile":{"background-color":"","background-image":"","background-repeat":"repeat","background-position":"center center","background-size":"auto","background-attachment":"scroll","background-type":"","background-media":"","overlay-type":"","overlay-color":"","overlay-opacity":"","overlay-gradient":""}},"ast-content-background-meta":{"desktop":{"background-color":"var(--ast-global-color-5)","background-image":"","background-repeat":"repeat","background-position":"center center","background-size":"auto","background-attachment":"scroll","background-type":"","background-media":"","overlay-type":"","overlay-color":"","overlay-opacity":"","overlay-gradient":""},"tablet":{"background-color":"var(--ast-global-color-5)","background-image":"","background-repeat":"repeat","background-position":"center center","background-size":"auto","background-attachment":"scroll","background-type":"","background-media":"","overlay-type":"","overlay-color":"","overlay-opacity":"","overlay-gradient":""},"mobile":{"background-color":"var(--ast-global-color-5)","background-image":"","background-repeat":"repeat","background-position":"center center","background-size":"auto","background-attachment":"scroll","background-type":"","background-media":"","overlay-type":"","overlay-color":"","overlay-opacity":"","overlay-gradient":""}},"footnotes":""},"class_list":["post-7044","page","type-page","status-publish","hentry"],"yoast_head":"<!-- This site is optimized with the Yoast SEO plugin v26.0 - https:\/\/yoast.com\/wordpress\/plugins\/seo\/ -->\n<title>ACmetro Accueil-tr<\/title>\n<meta name=\"description\" content=\"Consultant, qualit\u00e9, m\u00e9trologie, laboratoire, accr\u00e9ditation, COFRAC, 17025, incertitude de mesure, SQL, certification, norme, audit\" \/>\n<meta name=\"robots\" content=\"index, follow, max-snippet:-1, max-image-preview:large, max-video-preview:-1\" \/>\n<link rel=\"canonical\" href=\"https:\/\/www.acmetro.fr\/index.php\/tr\/accueil-tr\/\" \/>\n<meta property=\"og:locale\" content=\"fr_FR\" \/>\n<meta property=\"og:type\" content=\"article\" \/>\n<meta property=\"og:title\" content=\"ACmetro Accueil-tr\" \/>\n<meta property=\"og:description\" content=\"Consultant, qualit\u00e9, m\u00e9trologie, laboratoire, accr\u00e9ditation, COFRAC, 17025, incertitude de mesure, SQL, certification, norme, audit\" \/>\n<meta property=\"og:url\" content=\"https:\/\/www.acmetro.fr\/index.php\/tr\/accueil-tr\/\" \/>\n<meta property=\"og:site_name\" content=\"ACmetro\" \/>\n<meta property=\"article:modified_time\" content=\"2023-06-10T17:39:32+00:00\" \/>\n<meta name=\"twitter:card\" content=\"summary_large_image\" \/>\n<meta name=\"twitter:label1\" content=\"Dur\u00e9e de lecture estim\u00e9e\" \/>\n\t<meta name=\"twitter:data1\" content=\"1 minute\" \/>\n<script type=\"application\/ld+json\" class=\"yoast-schema-graph\">{\"@context\":\"https:\/\/schema.org\",\"@graph\":[{\"@type\":\"WebPage\",\"@id\":\"https:\/\/www.acmetro.fr\/index.php\/tr\/accueil-tr\/\",\"url\":\"https:\/\/www.acmetro.fr\/index.php\/tr\/accueil-tr\/\",\"name\":\"ACmetro Accueil-tr\",\"isPartOf\":{\"@id\":\"https:\/\/www.acmetro.fr\/#website\"},\"datePublished\":\"2023-06-10T17:09:21+00:00\",\"dateModified\":\"2023-06-10T17:39:32+00:00\",\"description\":\"Consultant, qualit\u00e9, m\u00e9trologie, laboratoire, accr\u00e9ditation, COFRAC, 17025, incertitude de mesure, SQL, certification, norme, audit\",\"breadcrumb\":{\"@id\":\"https:\/\/www.acmetro.fr\/index.php\/tr\/accueil-tr\/#breadcrumb\"},\"inLanguage\":\"fr-FR\",\"potentialAction\":[{\"@type\":\"ReadAction\",\"target\":[\"https:\/\/www.acmetro.fr\/index.php\/tr\/accueil-tr\/\"]}]},{\"@type\":\"BreadcrumbList\",\"@id\":\"https:\/\/www.acmetro.fr\/index.php\/tr\/accueil-tr\/#breadcrumb\",\"itemListElement\":[{\"@type\":\"ListItem\",\"position\":1,\"name\":\"Accueil\",\"item\":\"http:\/\/www.acmetro.fr\/\"},{\"@type\":\"ListItem\",\"position\":2,\"name\":\"Accueil-tr\"}]},{\"@type\":\"WebSite\",\"@id\":\"https:\/\/www.acmetro.fr\/#website\",\"url\":\"https:\/\/www.acmetro.fr\/\",\"name\":\"ACmetro\",\"description\":\"Consultant m\u00e9trologue\",\"publisher\":{\"@id\":\"https:\/\/www.acmetro.fr\/#organization\"},\"potentialAction\":[{\"@type\":\"SearchAction\",\"target\":{\"@type\":\"EntryPoint\",\"urlTemplate\":\"https:\/\/www.acmetro.fr\/?s={search_term_string}\"},\"query-input\":{\"@type\":\"PropertyValueSpecification\",\"valueRequired\":true,\"valueName\":\"search_term_string\"}}],\"inLanguage\":\"fr-FR\"},{\"@type\":\"Organization\",\"@id\":\"https:\/\/www.acmetro.fr\/#organization\",\"name\":\"ACmetro\",\"url\":\"https:\/\/www.acmetro.fr\/\",\"logo\":{\"@type\":\"ImageObject\",\"inLanguage\":\"fr-FR\",\"@id\":\"https:\/\/www.acmetro.fr\/#\/schema\/logo\/image\/\",\"url\":\"https:\/\/www.acmetro.fr\/wp-content\/uploads\/2023\/06\/cropped-Logo-ACmetro.png\",\"contentUrl\":\"https:\/\/www.acmetro.fr\/wp-content\/uploads\/2023\/06\/cropped-Logo-ACmetro.png\",\"width\":282,\"height\":94,\"caption\":\"ACmetro\"},\"image\":{\"@id\":\"https:\/\/www.acmetro.fr\/#\/schema\/logo\/image\/\"}}]}<\/script>\n<!-- \/ Yoast SEO plugin. -->","yoast_head_json":{"title":"ACmetro Accueil-tr","description":"Consultant, qualit\u00e9, m\u00e9trologie, laboratoire, accr\u00e9ditation, COFRAC, 17025, incertitude de mesure, SQL, certification, norme, audit","robots":{"index":"index","follow":"follow","max-snippet":"max-snippet:-1","max-image-preview":"max-image-preview:large","max-video-preview":"max-video-preview:-1"},"canonical":"https:\/\/www.acmetro.fr\/index.php\/tr\/accueil-tr\/","og_locale":"fr_FR","og_type":"article","og_title":"ACmetro Accueil-tr","og_description":"Consultant, qualit\u00e9, m\u00e9trologie, laboratoire, accr\u00e9ditation, COFRAC, 17025, incertitude de mesure, SQL, certification, norme, audit","og_url":"https:\/\/www.acmetro.fr\/index.php\/tr\/accueil-tr\/","og_site_name":"ACmetro","article_modified_time":"2023-06-10T17:39:32+00:00","twitter_card":"summary_large_image","twitter_misc":{"Dur\u00e9e de lecture estim\u00e9e":"1 minute"},"schema":{"@context":"https:\/\/schema.org","@graph":[{"@type":"WebPage","@id":"https:\/\/www.acmetro.fr\/index.php\/tr\/accueil-tr\/","url":"https:\/\/www.acmetro.fr\/index.php\/tr\/accueil-tr\/","name":"ACmetro Accueil-tr","isPartOf":{"@id":"https:\/\/www.acmetro.fr\/#website"},"datePublished":"2023-06-10T17:09:21+00:00","dateModified":"2023-06-10T17:39:32+00:00","description":"Consultant, qualit\u00e9, m\u00e9trologie, laboratoire, accr\u00e9ditation, COFRAC, 17025, incertitude de mesure, SQL, certification, norme, audit","breadcrumb":{"@id":"https:\/\/www.acmetro.fr\/index.php\/tr\/accueil-tr\/#breadcrumb"},"inLanguage":"fr-FR","potentialAction":[{"@type":"ReadAction","target":["https:\/\/www.acmetro.fr\/index.php\/tr\/accueil-tr\/"]}]},{"@type":"BreadcrumbList","@id":"https:\/\/www.acmetro.fr\/index.php\/tr\/accueil-tr\/#breadcrumb","itemListElement":[{"@type":"ListItem","position":1,"name":"Accueil","item":"http:\/\/www.acmetro.fr\/"},{"@type":"ListItem","position":2,"name":"Accueil-tr"}]},{"@type":"WebSite","@id":"https:\/\/www.acmetro.fr\/#website","url":"https:\/\/www.acmetro.fr\/","name":"ACmetro","description":"Consultant m\u00e9trologue","publisher":{"@id":"https:\/\/www.acmetro.fr\/#organization"},"potentialAction":[{"@type":"SearchAction","target":{"@type":"EntryPoint","urlTemplate":"https:\/\/www.acmetro.fr\/?s={search_term_string}"},"query-input":{"@type":"PropertyValueSpecification","valueRequired":true,"valueName":"search_term_string"}}],"inLanguage":"fr-FR"},{"@type":"Organization","@id":"https:\/\/www.acmetro.fr\/#organization","name":"ACmetro","url":"https:\/\/www.acmetro.fr\/","logo":{"@type":"ImageObject","inLanguage":"fr-FR","@id":"https:\/\/www.acmetro.fr\/#\/schema\/logo\/image\/","url":"https:\/\/www.acmetro.fr\/wp-content\/uploads\/2023\/06\/cropped-Logo-ACmetro.png","contentUrl":"https:\/\/www.acmetro.fr\/wp-content\/uploads\/2023\/06\/cropped-Logo-ACmetro.png","width":282,"height":94,"caption":"ACmetro"},"image":{"@id":"https:\/\/www.acmetro.fr\/#\/schema\/logo\/image\/"}}]}},"_links":{"self":[{"href":"https:\/\/www.acmetro.fr\/index.php\/wp-json\/wp\/v2\/pages\/7044","targetHints":{"allow":["GET"]}}],"collection":[{"href":"https:\/\/www.acmetro.fr\/index.php\/wp-json\/wp\/v2\/pages"}],"about":[{"href":"https:\/\/www.acmetro.fr\/index.php\/wp-json\/wp\/v2\/types\/page"}],"author":[{"embeddable":true,"href":"https:\/\/www.acmetro.fr\/index.php\/wp-json\/wp\/v2\/users\/1"}],"replies":[{"embeddable":true,"href":"https:\/\/www.acmetro.fr\/index.php\/wp-json\/wp\/v2\/comments?post=7044"}],"version-history":[{"count":13,"href":"https:\/\/www.acmetro.fr\/index.php\/wp-json\/wp\/v2\/pages\/7044\/revisions"}],"predecessor-version":[{"id":7083,"href":"https:\/\/www.acmetro.fr\/index.php\/wp-json\/wp\/v2\/pages\/7044\/revisions\/7083"}],"wp:attachment":[{"href":"https:\/\/www.acmetro.fr\/index.php\/wp-json\/wp\/v2\/media?parent=7044"}],"curies":[{"name":"wp","href":"https:\/\/api.w.org\/{rel}","templated":true}]}}