{"id":7089,"date":"2023-06-10T19:48:43","date_gmt":"2023-06-10T17:48:43","guid":{"rendered":"http:\/\/www.acmetro.fr\/?page_id=7089"},"modified":"2023-06-11T18:16:47","modified_gmt":"2023-06-11T16:16:47","slug":"about-tr","status":"publish","type":"page","link":"https:\/\/www.acmetro.fr\/index.php\/tr\/about-tr\/","title":{"rendered":"A propos-tr"},"content":{"rendered":"\t\t<div data-elementor-type=\"wp-page\" data-elementor-id=\"7089\" class=\"elementor elementor-7089\">\n\t\t\t\t\t\t<section class=\"elementor-section elementor-top-section elementor-element elementor-element-3054fc9 elementor-section-boxed elementor-section-height-default elementor-section-height-default\" data-id=\"3054fc9\" data-element_type=\"section\">\n\t\t\t\t\t\t<div class=\"elementor-container elementor-column-gap-default\">\n\t\t\t\t\t<div class=\"elementor-column elementor-col-100 elementor-top-column elementor-element elementor-element-d7ab525\" data-id=\"d7ab525\" data-element_type=\"column\">\n\t\t\t<div class=\"elementor-widget-wrap elementor-element-populated\">\n\t\t\t\t\t\t<div class=\"elementor-element elementor-element-bb06040 elementor-widget elementor-widget-text-editor\" data-id=\"bb06040\" data-element_type=\"widget\" data-widget_type=\"text-editor.default\">\n\t\t\t\t<div class=\"elementor-widget-container\">\n\t\t\t\t\t\t\t\t\t<h1>Deneyimler ve beceriler<\/h1>\t\t\t\t\t\t\t\t<\/div>\n\t\t\t\t<\/div>\n\t\t\t\t\t<\/div>\n\t\t<\/div>\n\t\t\t\t\t<\/div>\n\t\t<\/section>\n\t\t\t\t<section class=\"elementor-section elementor-top-section elementor-element elementor-element-650f6e3c elementor-section-boxed elementor-section-height-default elementor-section-height-default\" data-id=\"650f6e3c\" data-element_type=\"section\">\n\t\t\t\t\t\t<div class=\"elementor-container elementor-column-gap-default\">\n\t\t\t\t\t<div class=\"elementor-column elementor-col-100 elementor-top-column elementor-element elementor-element-4f1bd5a3\" data-id=\"4f1bd5a3\" data-element_type=\"column\">\n\t\t\t<div class=\"elementor-widget-wrap elementor-element-populated\">\n\t\t\t\t\t\t<div class=\"elementor-element elementor-element-455b6aca elementor-widget elementor-widget-text-editor\" data-id=\"455b6aca\" data-element_type=\"widget\" data-widget_type=\"text-editor.default\">\n\t\t\t\t<div class=\"elementor-widget-container\">\n\t\t\t\t\t\t\t\t\t<p>Metrolog olarak e\u011fitim ald\u0131m ve enerji \u00f6l\u00e7\u00fcm\u00fc konusunda uzmanla\u015fm\u0131\u015f \u00e7ok uluslu bir \u015firkette 25 y\u0131l\u0131 a\u015fk\u0131n bir s\u00fcredir COFRAC (Fransa) ve DAKKS (Almanya) taraf\u0131ndan akredite edilmi\u015f kalibrasyon ve test laboratuvar\u0131 y\u00f6neticisiydim (gaz ak\u0131\u015f\u0131 \u00f6l\u00e7\u00fcm\u00fc, sa\u011flaml\u0131k, dayan\u0131kl\u0131l\u0131k, termal testler).<\/p><p>Ayr\u0131ca, onaylanm\u0131\u015f kurulu\u015flar (LNE, PTB, NMI, vb.) ile birlikte ve Ar-Ge ve Kalite departman\u0131 ba\u011flam\u0131nda (Planlama sertifikasyonu, Do\u011frulama test plan\u0131) d\u00fczenlenmi\u015f \u00fcr\u00fcnlerin pazarlanmas\u0131na y\u00f6nelik direktifler ve standartlar alan\u0131nda \u00e7al\u0131\u015ft\u0131m. , d\u00fczenleyici kalite kurulu\u015flar\u0131n\u0131n s\u00fcrd\u00fcr\u00fclmesi, teknoloji transferinin do\u011frulanmas\u0131 vb.).<\/p><p>Vizyonumu ve uyum yetene\u011fimi geni\u015fleten farkl\u0131 k\u00fclt\u00fcrler ve uygulamalarla (Avrupa, \u00c7in, T\u00fcrkiye, Arjantin, ABD, Cezayir, &#8230;) temas halinde \u00e7al\u0131\u015fma \u015fans\u0131m oldu.<\/p><p>Titizlik, dinleme, insan fakt\u00f6r\u00fcn\u00fc ve mevcut ara\u00e7lar\u0131 dikkate alma: uygun \u00e7\u00f6z\u00fcmler \u00f6nermede kilit unsurlar.<\/p><p>\u0130\u015fbirlik\u00e7i ve yard\u0131msever bir ruhla pratik ve kolay uygulanabilir \u00e7\u00f6z\u00fcmler.<\/p>\t\t\t\t\t\t\t\t<\/div>\n\t\t\t\t<\/div>\n\t\t\t\t\t<\/div>\n\t\t<\/div>\n\t\t\t\t\t<\/div>\n\t\t<\/section>\n\t\t\t\t<section class=\"elementor-section elementor-top-section elementor-element elementor-element-78898aa elementor-section-boxed elementor-section-height-default elementor-section-height-default\" data-id=\"78898aa\" data-element_type=\"section\">\n\t\t\t\t\t\t<div class=\"elementor-container elementor-column-gap-default\">\n\t\t\t\t\t<div class=\"elementor-column elementor-col-100 elementor-top-column elementor-element elementor-element-ba17d8e\" data-id=\"ba17d8e\" data-element_type=\"column\">\n\t\t\t<div class=\"elementor-widget-wrap elementor-element-populated\">\n\t\t\t\t\t\t<div class=\"elementor-element elementor-element-79b13ee elementor-widget elementor-widget-image\" data-id=\"79b13ee\" data-element_type=\"widget\" data-widget_type=\"image.default\">\n\t\t\t\t<div class=\"elementor-widget-container\">\n\t\t\t\t\t\t\t\t\t\t\t\t<figure class=\"wp-caption\">\n\t\t\t\t\t\t\t\t\t\t<img fetchpriority=\"high\" decoding=\"async\" width=\"225\" height=\"300\" src=\"https:\/\/www.acmetro.fr\/wp-content\/uploads\/2023\/06\/20230611_180243-scaled-e1686499775800-225x300.jpg\" class=\"attachment-medium size-medium wp-image-7130\" alt=\"\" \/>\t\t\t\t\t\t\t\t\t\t\t<figcaption class=\"widget-image-caption wp-caption-text\">Sylvain Mauger<\/figcaption>\n\t\t\t\t\t\t\t\t\t\t<\/figure>\n\t\t\t\t\t\t\t\t\t<\/div>\n\t\t\t\t<\/div>\n\t\t\t\t<div class=\"elementor-element elementor-element-eb735de elementor-widget elementor-widget-text-editor\" data-id=\"eb735de\" data-element_type=\"widget\" data-widget_type=\"text-editor.default\">\n\t\t\t\t<div class=\"elementor-widget-container\">\n\t\t\t\t\t\t\t\t\t<h5>\u00ab\u00a0Ki\u015fiye \u00f6zel partneriniz!\u00a0\u00bb<\/h5>\t\t\t\t\t\t\t\t<\/div>\n\t\t\t\t<\/div>\n\t\t\t\t\t<\/div>\n\t\t<\/div>\n\t\t\t\t\t<\/div>\n\t\t<\/section>\n\t\t\t\t<section class=\"elementor-section elementor-top-section elementor-element elementor-element-5e1790a elementor-section-boxed elementor-section-height-default elementor-section-height-default\" data-id=\"5e1790a\" data-element_type=\"section\">\n\t\t\t\t\t\t<div class=\"elementor-container elementor-column-gap-default\">\n\t\t\t\t\t<div class=\"elementor-column elementor-col-100 elementor-top-column elementor-element elementor-element-218e56d\" data-id=\"218e56d\" data-element_type=\"column\">\n\t\t\t<div class=\"elementor-widget-wrap elementor-element-populated\">\n\t\t\t\t\t\t<div class=\"elementor-element elementor-element-5ead9d7 elementor-widget elementor-widget-heading\" data-id=\"5ead9d7\" data-element_type=\"widget\" data-widget_type=\"heading.default\">\n\t\t\t\t<div class=\"elementor-widget-container\">\n\t\t\t\t\t<h2 class=\"elementor-heading-title elementor-size-default\">Kurulu\u015funuza de\u011fer katal\u0131m!<\/h2>\t\t\t\t<\/div>\n\t\t\t\t<\/div>\n\t\t\t\t\t<\/div>\n\t\t<\/div>\n\t\t\t\t\t<\/div>\n\t\t<\/section>\n\t\t\t\t<\/div>\n\t\t","protected":false},"excerpt":{"rendered":"<p>Deneyimler ve beceriler Metrolog olarak e\u011fitim ald\u0131m ve enerji \u00f6l\u00e7\u00fcm\u00fc konusunda uzmanla\u015fm\u0131\u015f \u00e7ok uluslu bir \u015firkette 25 y\u0131l\u0131 a\u015fk\u0131n bir s\u00fcredir COFRAC (Fransa) ve DAKKS (Almanya) taraf\u0131ndan akredite edilmi\u015f kalibrasyon ve test laboratuvar\u0131 y\u00f6neticisiydim (gaz ak\u0131\u015f\u0131 \u00f6l\u00e7\u00fcm\u00fc, sa\u011flaml\u0131k, dayan\u0131kl\u0131l\u0131k, termal testler). Ayr\u0131ca, onaylanm\u0131\u015f kurulu\u015flar (LNE, PTB, NMI, vb.) ile birlikte ve Ar-Ge ve Kalite departman\u0131 [&hellip;]<\/p>\n","protected":false},"author":1,"featured_media":0,"parent":0,"menu_order":0,"comment_status":"closed","ping_status":"open","template":"","meta":{"site-sidebar-layout":"default","site-content-layout":"","ast-site-content-layout":"default","site-content-style":"default","site-sidebar-style":"default","ast-global-header-display":"","ast-banner-title-visibility":"","ast-main-header-display":"","ast-hfb-above-header-display":"","ast-hfb-below-header-display":"","ast-hfb-mobile-header-display":"","site-post-title":"","ast-breadcrumbs-content":"","ast-featured-img":"","footer-sml-layout":"","theme-transparent-header-meta":"","adv-header-id-meta":"","stick-header-meta":"","header-above-stick-meta":"","header-main-stick-meta":"","header-below-stick-meta":"","astra-migrate-meta-layouts":"default","ast-page-background-enabled":"default","ast-page-background-meta":{"desktop":{"background-color":"var(--ast-global-color-4)","background-image":"","background-repeat":"repeat","background-position":"center center","background-size":"auto","background-attachment":"scroll","background-type":"","background-media":"","overlay-type":"","overlay-color":"","overlay-opacity":"","overlay-gradient":""},"tablet":{"background-color":"","background-image":"","background-repeat":"repeat","background-position":"center center","background-size":"auto","background-attachment":"scroll","background-type":"","background-media":"","overlay-type":"","overlay-color":"","overlay-opacity":"","overlay-gradient":""},"mobile":{"background-color":"","background-image":"","background-repeat":"repeat","background-position":"center center","background-size":"auto","background-attachment":"scroll","background-type":"","background-media":"","overlay-type":"","overlay-color":"","overlay-opacity":"","overlay-gradient":""}},"ast-content-background-meta":{"desktop":{"background-color":"var(--ast-global-color-5)","background-image":"","background-repeat":"repeat","background-position":"center center","background-size":"auto","background-attachment":"scroll","background-type":"","background-media":"","overlay-type":"","overlay-color":"","overlay-opacity":"","overlay-gradient":""},"tablet":{"background-color":"var(--ast-global-color-5)","background-image":"","background-repeat":"repeat","background-position":"center center","background-size":"auto","background-attachment":"scroll","background-type":"","background-media":"","overlay-type":"","overlay-color":"","overlay-opacity":"","overlay-gradient":""},"mobile":{"background-color":"var(--ast-global-color-5)","background-image":"","background-repeat":"repeat","background-position":"center center","background-size":"auto","background-attachment":"scroll","background-type":"","background-media":"","overlay-type":"","overlay-color":"","overlay-opacity":"","overlay-gradient":""}},"footnotes":""},"class_list":["post-7089","page","type-page","status-publish","hentry"],"yoast_head":"<!-- This site is optimized with the Yoast SEO plugin v26.0 - https:\/\/yoast.com\/wordpress\/plugins\/seo\/ -->\n<title>A propos-tr - ACmetro<\/title>\n<meta name=\"robots\" content=\"index, follow, max-snippet:-1, max-image-preview:large, max-video-preview:-1\" \/>\n<link rel=\"canonical\" href=\"https:\/\/www.acmetro.fr\/index.php\/tr\/about-tr\/\" \/>\n<meta property=\"og:locale\" content=\"fr_FR\" \/>\n<meta property=\"og:type\" content=\"article\" \/>\n<meta property=\"og:title\" content=\"A propos-tr - ACmetro\" \/>\n<meta property=\"og:description\" content=\"Deneyimler ve beceriler Metrolog olarak e\u011fitim ald\u0131m ve enerji \u00f6l\u00e7\u00fcm\u00fc konusunda uzmanla\u015fm\u0131\u015f \u00e7ok uluslu bir \u015firkette 25 y\u0131l\u0131 a\u015fk\u0131n bir s\u00fcredir COFRAC (Fransa) ve DAKKS (Almanya) taraf\u0131ndan akredite edilmi\u015f kalibrasyon ve test laboratuvar\u0131 y\u00f6neticisiydim (gaz ak\u0131\u015f\u0131 \u00f6l\u00e7\u00fcm\u00fc, sa\u011flaml\u0131k, dayan\u0131kl\u0131l\u0131k, termal testler). Ayr\u0131ca, onaylanm\u0131\u015f kurulu\u015flar (LNE, PTB, NMI, vb.) ile birlikte ve Ar-Ge ve Kalite departman\u0131 [&hellip;]\" \/>\n<meta property=\"og:url\" content=\"https:\/\/www.acmetro.fr\/index.php\/tr\/about-tr\/\" \/>\n<meta property=\"og:site_name\" content=\"ACmetro\" \/>\n<meta property=\"article:modified_time\" content=\"2023-06-11T16:16:47+00:00\" \/>\n<meta property=\"og:image\" content=\"https:\/\/www.acmetro.fr\/wp-content\/uploads\/2023\/06\/20230611_180243-scaled-e1686499775800-225x300.jpg\" \/>\n<meta name=\"twitter:card\" content=\"summary_large_image\" \/>\n<meta name=\"twitter:label1\" content=\"Dur\u00e9e de lecture estim\u00e9e\" \/>\n\t<meta name=\"twitter:data1\" content=\"1 minute\" \/>\n<script type=\"application\/ld+json\" class=\"yoast-schema-graph\">{\"@context\":\"https:\/\/schema.org\",\"@graph\":[{\"@type\":\"WebPage\",\"@id\":\"https:\/\/www.acmetro.fr\/index.php\/tr\/about-tr\/\",\"url\":\"https:\/\/www.acmetro.fr\/index.php\/tr\/about-tr\/\",\"name\":\"A propos-tr - ACmetro\",\"isPartOf\":{\"@id\":\"https:\/\/www.acmetro.fr\/#website\"},\"primaryImageOfPage\":{\"@id\":\"https:\/\/www.acmetro.fr\/index.php\/tr\/about-tr\/#primaryimage\"},\"image\":{\"@id\":\"https:\/\/www.acmetro.fr\/index.php\/tr\/about-tr\/#primaryimage\"},\"thumbnailUrl\":\"https:\/\/www.acmetro.fr\/wp-content\/uploads\/2023\/06\/20230611_180243-scaled-e1686499775800-225x300.jpg\",\"datePublished\":\"2023-06-10T17:48:43+00:00\",\"dateModified\":\"2023-06-11T16:16:47+00:00\",\"breadcrumb\":{\"@id\":\"https:\/\/www.acmetro.fr\/index.php\/tr\/about-tr\/#breadcrumb\"},\"inLanguage\":\"fr-FR\",\"potentialAction\":[{\"@type\":\"ReadAction\",\"target\":[\"https:\/\/www.acmetro.fr\/index.php\/tr\/about-tr\/\"]}]},{\"@type\":\"ImageObject\",\"inLanguage\":\"fr-FR\",\"@id\":\"https:\/\/www.acmetro.fr\/index.php\/tr\/about-tr\/#primaryimage\",\"url\":\"https:\/\/www.acmetro.fr\/wp-content\/uploads\/2023\/06\/20230611_180243-scaled-e1686499775800-225x300.jpg\",\"contentUrl\":\"https:\/\/www.acmetro.fr\/wp-content\/uploads\/2023\/06\/20230611_180243-scaled-e1686499775800-225x300.jpg\"},{\"@type\":\"BreadcrumbList\",\"@id\":\"https:\/\/www.acmetro.fr\/index.php\/tr\/about-tr\/#breadcrumb\",\"itemListElement\":[{\"@type\":\"ListItem\",\"position\":1,\"name\":\"Accueil\",\"item\":\"http:\/\/www.acmetro.fr\/\"},{\"@type\":\"ListItem\",\"position\":2,\"name\":\"A propos-tr\"}]},{\"@type\":\"WebSite\",\"@id\":\"https:\/\/www.acmetro.fr\/#website\",\"url\":\"https:\/\/www.acmetro.fr\/\",\"name\":\"ACmetro\",\"description\":\"Consultant m\u00e9trologue\",\"publisher\":{\"@id\":\"https:\/\/www.acmetro.fr\/#organization\"},\"potentialAction\":[{\"@type\":\"SearchAction\",\"target\":{\"@type\":\"EntryPoint\",\"urlTemplate\":\"https:\/\/www.acmetro.fr\/?s={search_term_string}\"},\"query-input\":{\"@type\":\"PropertyValueSpecification\",\"valueRequired\":true,\"valueName\":\"search_term_string\"}}],\"inLanguage\":\"fr-FR\"},{\"@type\":\"Organization\",\"@id\":\"https:\/\/www.acmetro.fr\/#organization\",\"name\":\"ACmetro\",\"url\":\"https:\/\/www.acmetro.fr\/\",\"logo\":{\"@type\":\"ImageObject\",\"inLanguage\":\"fr-FR\",\"@id\":\"https:\/\/www.acmetro.fr\/#\/schema\/logo\/image\/\",\"url\":\"https:\/\/www.acmetro.fr\/wp-content\/uploads\/2023\/06\/cropped-Logo-ACmetro.png\",\"contentUrl\":\"https:\/\/www.acmetro.fr\/wp-content\/uploads\/2023\/06\/cropped-Logo-ACmetro.png\",\"width\":282,\"height\":94,\"caption\":\"ACmetro\"},\"image\":{\"@id\":\"https:\/\/www.acmetro.fr\/#\/schema\/logo\/image\/\"}}]}<\/script>\n<!-- \/ Yoast SEO plugin. -->","yoast_head_json":{"title":"A propos-tr - ACmetro","robots":{"index":"index","follow":"follow","max-snippet":"max-snippet:-1","max-image-preview":"max-image-preview:large","max-video-preview":"max-video-preview:-1"},"canonical":"https:\/\/www.acmetro.fr\/index.php\/tr\/about-tr\/","og_locale":"fr_FR","og_type":"article","og_title":"A propos-tr - ACmetro","og_description":"Deneyimler ve beceriler Metrolog olarak e\u011fitim ald\u0131m ve enerji \u00f6l\u00e7\u00fcm\u00fc konusunda uzmanla\u015fm\u0131\u015f \u00e7ok uluslu bir \u015firkette 25 y\u0131l\u0131 a\u015fk\u0131n bir s\u00fcredir COFRAC (Fransa) ve DAKKS (Almanya) taraf\u0131ndan akredite edilmi\u015f kalibrasyon ve test laboratuvar\u0131 y\u00f6neticisiydim (gaz ak\u0131\u015f\u0131 \u00f6l\u00e7\u00fcm\u00fc, sa\u011flaml\u0131k, dayan\u0131kl\u0131l\u0131k, termal testler). Ayr\u0131ca, onaylanm\u0131\u015f kurulu\u015flar (LNE, PTB, NMI, vb.) ile birlikte ve Ar-Ge ve Kalite departman\u0131 [&hellip;]","og_url":"https:\/\/www.acmetro.fr\/index.php\/tr\/about-tr\/","og_site_name":"ACmetro","article_modified_time":"2023-06-11T16:16:47+00:00","og_image":[{"url":"https:\/\/www.acmetro.fr\/wp-content\/uploads\/2023\/06\/20230611_180243-scaled-e1686499775800-225x300.jpg","type":"","width":"","height":""}],"twitter_card":"summary_large_image","twitter_misc":{"Dur\u00e9e de lecture estim\u00e9e":"1 minute"},"schema":{"@context":"https:\/\/schema.org","@graph":[{"@type":"WebPage","@id":"https:\/\/www.acmetro.fr\/index.php\/tr\/about-tr\/","url":"https:\/\/www.acmetro.fr\/index.php\/tr\/about-tr\/","name":"A propos-tr - ACmetro","isPartOf":{"@id":"https:\/\/www.acmetro.fr\/#website"},"primaryImageOfPage":{"@id":"https:\/\/www.acmetro.fr\/index.php\/tr\/about-tr\/#primaryimage"},"image":{"@id":"https:\/\/www.acmetro.fr\/index.php\/tr\/about-tr\/#primaryimage"},"thumbnailUrl":"https:\/\/www.acmetro.fr\/wp-content\/uploads\/2023\/06\/20230611_180243-scaled-e1686499775800-225x300.jpg","datePublished":"2023-06-10T17:48:43+00:00","dateModified":"2023-06-11T16:16:47+00:00","breadcrumb":{"@id":"https:\/\/www.acmetro.fr\/index.php\/tr\/about-tr\/#breadcrumb"},"inLanguage":"fr-FR","potentialAction":[{"@type":"ReadAction","target":["https:\/\/www.acmetro.fr\/index.php\/tr\/about-tr\/"]}]},{"@type":"ImageObject","inLanguage":"fr-FR","@id":"https:\/\/www.acmetro.fr\/index.php\/tr\/about-tr\/#primaryimage","url":"https:\/\/www.acmetro.fr\/wp-content\/uploads\/2023\/06\/20230611_180243-scaled-e1686499775800-225x300.jpg","contentUrl":"https:\/\/www.acmetro.fr\/wp-content\/uploads\/2023\/06\/20230611_180243-scaled-e1686499775800-225x300.jpg"},{"@type":"BreadcrumbList","@id":"https:\/\/www.acmetro.fr\/index.php\/tr\/about-tr\/#breadcrumb","itemListElement":[{"@type":"ListItem","position":1,"name":"Accueil","item":"http:\/\/www.acmetro.fr\/"},{"@type":"ListItem","position":2,"name":"A propos-tr"}]},{"@type":"WebSite","@id":"https:\/\/www.acmetro.fr\/#website","url":"https:\/\/www.acmetro.fr\/","name":"ACmetro","description":"Consultant m\u00e9trologue","publisher":{"@id":"https:\/\/www.acmetro.fr\/#organization"},"potentialAction":[{"@type":"SearchAction","target":{"@type":"EntryPoint","urlTemplate":"https:\/\/www.acmetro.fr\/?s={search_term_string}"},"query-input":{"@type":"PropertyValueSpecification","valueRequired":true,"valueName":"search_term_string"}}],"inLanguage":"fr-FR"},{"@type":"Organization","@id":"https:\/\/www.acmetro.fr\/#organization","name":"ACmetro","url":"https:\/\/www.acmetro.fr\/","logo":{"@type":"ImageObject","inLanguage":"fr-FR","@id":"https:\/\/www.acmetro.fr\/#\/schema\/logo\/image\/","url":"https:\/\/www.acmetro.fr\/wp-content\/uploads\/2023\/06\/cropped-Logo-ACmetro.png","contentUrl":"https:\/\/www.acmetro.fr\/wp-content\/uploads\/2023\/06\/cropped-Logo-ACmetro.png","width":282,"height":94,"caption":"ACmetro"},"image":{"@id":"https:\/\/www.acmetro.fr\/#\/schema\/logo\/image\/"}}]}},"_links":{"self":[{"href":"https:\/\/www.acmetro.fr\/index.php\/wp-json\/wp\/v2\/pages\/7089","targetHints":{"allow":["GET"]}}],"collection":[{"href":"https:\/\/www.acmetro.fr\/index.php\/wp-json\/wp\/v2\/pages"}],"about":[{"href":"https:\/\/www.acmetro.fr\/index.php\/wp-json\/wp\/v2\/types\/page"}],"author":[{"embeddable":true,"href":"https:\/\/www.acmetro.fr\/index.php\/wp-json\/wp\/v2\/users\/1"}],"replies":[{"embeddable":true,"href":"https:\/\/www.acmetro.fr\/index.php\/wp-json\/wp\/v2\/comments?post=7089"}],"version-history":[{"count":12,"href":"https:\/\/www.acmetro.fr\/index.php\/wp-json\/wp\/v2\/pages\/7089\/revisions"}],"predecessor-version":[{"id":7143,"href":"https:\/\/www.acmetro.fr\/index.php\/wp-json\/wp\/v2\/pages\/7089\/revisions\/7143"}],"wp:attachment":[{"href":"https:\/\/www.acmetro.fr\/index.php\/wp-json\/wp\/v2\/media?parent=7089"}],"curies":[{"name":"wp","href":"https:\/\/api.w.org\/{rel}","templated":true}]}}