{"id":924,"date":"2014-08-20T13:52:36","date_gmt":"2014-08-20T13:52:36","guid":{"rendered":"http:\/\/seventhqueen.com\/themes\/kleo\/demo-portfolio\/?page_id=924"},"modified":"2023-06-11T18:12:45","modified_gmt":"2023-06-11T16:12:45","slug":"about-fr","status":"publish","type":"page","link":"https:\/\/www.acmetro.fr\/index.php\/about-fr\/","title":{"rendered":"A propos"},"content":{"rendered":"\t\t<div data-elementor-type=\"wp-page\" data-elementor-id=\"924\" class=\"elementor elementor-924\">\n\t\t\t\t\t\t<section class=\"elementor-section elementor-top-section elementor-element elementor-element-3054fc9 elementor-section-boxed elementor-section-height-default elementor-section-height-default\" data-id=\"3054fc9\" data-element_type=\"section\">\n\t\t\t\t\t\t<div class=\"elementor-container elementor-column-gap-default\">\n\t\t\t\t\t<div class=\"elementor-column elementor-col-100 elementor-top-column elementor-element elementor-element-d7ab525\" data-id=\"d7ab525\" data-element_type=\"column\">\n\t\t\t<div class=\"elementor-widget-wrap elementor-element-populated\">\n\t\t\t\t\t\t<div class=\"elementor-element elementor-element-bb06040 elementor-widget elementor-widget-text-editor\" data-id=\"bb06040\" data-element_type=\"widget\" data-widget_type=\"text-editor.default\">\n\t\t\t\t<div class=\"elementor-widget-container\">\n\t\t\t\t\t\t\t\t\t<h1>Exp\u00e9riences et comp\u00e9tences<\/h1>\t\t\t\t\t\t\t\t<\/div>\n\t\t\t\t<\/div>\n\t\t\t\t\t<\/div>\n\t\t<\/div>\n\t\t\t\t\t<\/div>\n\t\t<\/section>\n\t\t\t\t<section class=\"elementor-section elementor-top-section elementor-element elementor-element-650f6e3c elementor-section-boxed elementor-section-height-default elementor-section-height-default\" data-id=\"650f6e3c\" data-element_type=\"section\">\n\t\t\t\t\t\t<div class=\"elementor-container elementor-column-gap-default\">\n\t\t\t\t\t<div class=\"elementor-column elementor-col-100 elementor-top-column elementor-element elementor-element-4f1bd5a3\" data-id=\"4f1bd5a3\" data-element_type=\"column\">\n\t\t\t<div class=\"elementor-widget-wrap elementor-element-populated\">\n\t\t\t\t\t\t<div class=\"elementor-element elementor-element-455b6aca elementor-widget elementor-widget-text-editor\" data-id=\"455b6aca\" data-element_type=\"widget\" data-widget_type=\"text-editor.default\">\n\t\t\t\t<div class=\"elementor-widget-container\">\n\t\t\t\t\t\t\t\t\t<p>M\u00e9trologue de formation, j\u2019ai \u00e9t\u00e9 Responsable de laboratoire\u00a0 d\u2019\u00e9talonnage et d\u2019essais accr\u00e9dit\u00e9 COFRAC (France) et DAKKS (Allemagne) pendant plus de 25 ans (D\u00e9bitm\u00e9trie gazeuse, essais de robustesse, endurance, thermiques) pour une multinationale sp\u00e9cialis\u00e9e dans le comptage d&rsquo;\u00e9nergie.<\/p><p>J\u2019ai \u00e9galement oeuvr\u00e9 dans le domaine des directives et normes pour la mise sur le march\u00e9 de produits r\u00e9glement\u00e9s, en lien avec les organismes notifi\u00e9s (LNE, PTB, NMI, etc) et dans le cadre de la R&amp;D et du service Qualit\u00e9 (Planification de certification, Plan de test de v\u00e9rification, maintenance d&rsquo;organisations qualit\u00e9 r\u00e9glementaires, validation de transfert technologique&#8230;).<\/p><p>J&rsquo;ai eu la chance de travailler au contact de cultures et pratiques diff\u00e9rentes qui ont \u00e9largi ma vision et mon adaptabilit\u00e9 (Europe, Chine, Turquie, Argentine, USA, Algerie, &#8230;)<\/p><p>Rigueur, \u00e9coute, prise en compte du facteur humain et des moyens disponibles : des \u00e9l\u00e9ments cl\u00e9s pour proposer des solutions adapt\u00e9es.<\/p><p>Des solutions pratiques et facilement impl\u00e9mentables, dans un esprit collaboratif et bienveillant.<\/p>\t\t\t\t\t\t\t\t<\/div>\n\t\t\t\t<\/div>\n\t\t\t\t\t<\/div>\n\t\t<\/div>\n\t\t\t\t\t<\/div>\n\t\t<\/section>\n\t\t\t\t<section class=\"elementor-section elementor-top-section elementor-element elementor-element-78898aa elementor-section-boxed elementor-section-height-default elementor-section-height-default\" data-id=\"78898aa\" data-element_type=\"section\">\n\t\t\t\t\t\t<div class=\"elementor-container elementor-column-gap-default\">\n\t\t\t\t\t<div class=\"elementor-column elementor-col-100 elementor-top-column elementor-element elementor-element-ba17d8e\" data-id=\"ba17d8e\" data-element_type=\"column\">\n\t\t\t<div class=\"elementor-widget-wrap elementor-element-populated\">\n\t\t\t\t\t\t<div class=\"elementor-element elementor-element-79b13ee elementor-widget elementor-widget-image\" data-id=\"79b13ee\" data-element_type=\"widget\" data-widget_type=\"image.default\">\n\t\t\t\t<div class=\"elementor-widget-container\">\n\t\t\t\t\t\t\t\t\t\t\t\t<figure class=\"wp-caption\">\n\t\t\t\t\t\t\t\t\t\t<img fetchpriority=\"high\" decoding=\"async\" width=\"225\" height=\"300\" src=\"https:\/\/www.acmetro.fr\/wp-content\/uploads\/2023\/06\/20230611_180243-scaled-e1686499775800-225x300.jpg\" class=\"attachment-medium size-medium wp-image-7130\" alt=\"\" \/>\t\t\t\t\t\t\t\t\t\t\t<figcaption class=\"widget-image-caption wp-caption-text\">Sylvain Mauger<\/figcaption>\n\t\t\t\t\t\t\t\t\t\t<\/figure>\n\t\t\t\t\t\t\t\t\t<\/div>\n\t\t\t\t<\/div>\n\t\t\t\t<div class=\"elementor-element elementor-element-eb735de elementor-widget elementor-widget-text-editor\" data-id=\"eb735de\" data-element_type=\"widget\" data-widget_type=\"text-editor.default\">\n\t\t\t\t<div class=\"elementor-widget-container\">\n\t\t\t\t\t\t\t\t\t<h5><em>\u00a0\u00ab\u00a0Votre partenaire sur mesure!\u00a0\u00bb<\/em><\/h5>\t\t\t\t\t\t\t\t<\/div>\n\t\t\t\t<\/div>\n\t\t\t\t\t<\/div>\n\t\t<\/div>\n\t\t\t\t\t<\/div>\n\t\t<\/section>\n\t\t\t\t<section class=\"elementor-section elementor-top-section elementor-element elementor-element-5e1790a elementor-section-boxed elementor-section-height-default elementor-section-height-default\" data-id=\"5e1790a\" data-element_type=\"section\">\n\t\t\t\t\t\t<div class=\"elementor-container elementor-column-gap-default\">\n\t\t\t\t\t<div class=\"elementor-column elementor-col-100 elementor-top-column elementor-element elementor-element-218e56d\" data-id=\"218e56d\" data-element_type=\"column\">\n\t\t\t<div class=\"elementor-widget-wrap elementor-element-populated\">\n\t\t\t\t\t\t<div class=\"elementor-element elementor-element-5ead9d7 elementor-widget elementor-widget-heading\" data-id=\"5ead9d7\" data-element_type=\"widget\" data-widget_type=\"heading.default\">\n\t\t\t\t<div class=\"elementor-widget-container\">\n\t\t\t\t\t<h2 class=\"elementor-heading-title elementor-size-default\">Apportons de la valeur ajout\u00e9e \u00e0 votre organisation!<\/h2>\t\t\t\t<\/div>\n\t\t\t\t<\/div>\n\t\t\t\t\t<\/div>\n\t\t<\/div>\n\t\t\t\t\t<\/div>\n\t\t<\/section>\n\t\t\t\t<\/div>\n\t\t","protected":false},"excerpt":{"rendered":"<p>Exp\u00e9riences et comp\u00e9tences M\u00e9trologue de formation, j\u2019ai \u00e9t\u00e9 Responsable de laboratoire\u00a0 d\u2019\u00e9talonnage et d\u2019essais accr\u00e9dit\u00e9 COFRAC (France) et DAKKS (Allemagne) pendant plus de 25 ans (D\u00e9bitm\u00e9trie gazeuse, essais de robustesse, endurance, thermiques) pour une multinationale sp\u00e9cialis\u00e9e dans le comptage d&rsquo;\u00e9nergie. J\u2019ai \u00e9galement oeuvr\u00e9 dans le domaine des directives et normes pour la mise sur le [&hellip;]<\/p>\n","protected":false},"author":1,"featured_media":0,"parent":0,"menu_order":0,"comment_status":"closed","ping_status":"open","template":"","meta":{"site-sidebar-layout":"default","site-content-layout":"","ast-site-content-layout":"default","site-content-style":"default","site-sidebar-style":"default","ast-global-header-display":"","ast-banner-title-visibility":"","ast-main-header-display":"","ast-hfb-above-header-display":"","ast-hfb-below-header-display":"","ast-hfb-mobile-header-display":"","site-post-title":"","ast-breadcrumbs-content":"","ast-featured-img":"","footer-sml-layout":"","theme-transparent-header-meta":"","adv-header-id-meta":"","stick-header-meta":"","header-above-stick-meta":"","header-main-stick-meta":"","header-below-stick-meta":"","astra-migrate-meta-layouts":"default","ast-page-background-enabled":"default","ast-page-background-meta":{"desktop":{"background-color":"var(--ast-global-color-4)","background-image":"","background-repeat":"repeat","background-position":"center center","background-size":"auto","background-attachment":"scroll","background-type":"","background-media":"","overlay-type":"","overlay-color":"","overlay-opacity":"","overlay-gradient":""},"tablet":{"background-color":"","background-image":"","background-repeat":"repeat","background-position":"center center","background-size":"auto","background-attachment":"scroll","background-type":"","background-media":"","overlay-type":"","overlay-color":"","overlay-opacity":"","overlay-gradient":""},"mobile":{"background-color":"","background-image":"","background-repeat":"repeat","background-position":"center center","background-size":"auto","background-attachment":"scroll","background-type":"","background-media":"","overlay-type":"","overlay-color":"","overlay-opacity":"","overlay-gradient":""}},"ast-content-background-meta":{"desktop":{"background-color":"var(--ast-global-color-5)","background-image":"","background-repeat":"repeat","background-position":"center center","background-size":"auto","background-attachment":"scroll","background-type":"","background-media":"","overlay-type":"","overlay-color":"","overlay-opacity":"","overlay-gradient":""},"tablet":{"background-color":"var(--ast-global-color-5)","background-image":"","background-repeat":"repeat","background-position":"center center","background-size":"auto","background-attachment":"scroll","background-type":"","background-media":"","overlay-type":"","overlay-color":"","overlay-opacity":"","overlay-gradient":""},"mobile":{"background-color":"var(--ast-global-color-5)","background-image":"","background-repeat":"repeat","background-position":"center center","background-size":"auto","background-attachment":"scroll","background-type":"","background-media":"","overlay-type":"","overlay-color":"","overlay-opacity":"","overlay-gradient":""}},"footnotes":""},"class_list":["post-924","page","type-page","status-publish","hentry"],"yoast_head":"<!-- This site is optimized with the Yoast SEO plugin v26.0 - https:\/\/yoast.com\/wordpress\/plugins\/seo\/ -->\n<title>A propos - ACmetro<\/title>\n<meta name=\"description\" content=\"ACmetro a propos exp\u00e9rience comp\u00e9tences\" \/>\n<meta name=\"robots\" content=\"index, follow, max-snippet:-1, max-image-preview:large, max-video-preview:-1\" \/>\n<link rel=\"canonical\" href=\"https:\/\/www.acmetro.fr\/index.php\/about-fr\/\" \/>\n<meta property=\"og:locale\" content=\"fr_FR\" \/>\n<meta property=\"og:type\" content=\"article\" \/>\n<meta property=\"og:title\" content=\"A propos - ACmetro\" \/>\n<meta property=\"og:description\" content=\"ACmetro a propos exp\u00e9rience comp\u00e9tences\" \/>\n<meta property=\"og:url\" content=\"https:\/\/www.acmetro.fr\/index.php\/about-fr\/\" \/>\n<meta property=\"og:site_name\" content=\"ACmetro\" \/>\n<meta property=\"article:modified_time\" content=\"2023-06-11T16:12:45+00:00\" \/>\n<meta property=\"og:image\" content=\"https:\/\/www.acmetro.fr\/wp-content\/uploads\/2023\/06\/20230611_180243-scaled-e1686499775800-225x300.jpg\" \/>\n<meta name=\"twitter:card\" content=\"summary_large_image\" \/>\n<meta name=\"twitter:label1\" content=\"Dur\u00e9e de lecture estim\u00e9e\" \/>\n\t<meta name=\"twitter:data1\" content=\"2 minutes\" \/>\n<script type=\"application\/ld+json\" class=\"yoast-schema-graph\">{\"@context\":\"https:\/\/schema.org\",\"@graph\":[{\"@type\":\"WebPage\",\"@id\":\"https:\/\/www.acmetro.fr\/index.php\/about-fr\/\",\"url\":\"https:\/\/www.acmetro.fr\/index.php\/about-fr\/\",\"name\":\"A propos - ACmetro\",\"isPartOf\":{\"@id\":\"https:\/\/www.acmetro.fr\/#website\"},\"primaryImageOfPage\":{\"@id\":\"https:\/\/www.acmetro.fr\/index.php\/about-fr\/#primaryimage\"},\"image\":{\"@id\":\"https:\/\/www.acmetro.fr\/index.php\/about-fr\/#primaryimage\"},\"thumbnailUrl\":\"https:\/\/www.acmetro.fr\/wp-content\/uploads\/2023\/06\/20230611_180243-scaled-e1686499775800-225x300.jpg\",\"datePublished\":\"2014-08-20T13:52:36+00:00\",\"dateModified\":\"2023-06-11T16:12:45+00:00\",\"description\":\"ACmetro a propos exp\u00e9rience comp\u00e9tences\",\"breadcrumb\":{\"@id\":\"https:\/\/www.acmetro.fr\/index.php\/about-fr\/#breadcrumb\"},\"inLanguage\":\"fr-FR\",\"potentialAction\":[{\"@type\":\"ReadAction\",\"target\":[\"https:\/\/www.acmetro.fr\/index.php\/about-fr\/\"]}]},{\"@type\":\"ImageObject\",\"inLanguage\":\"fr-FR\",\"@id\":\"https:\/\/www.acmetro.fr\/index.php\/about-fr\/#primaryimage\",\"url\":\"https:\/\/www.acmetro.fr\/wp-content\/uploads\/2023\/06\/20230611_180243-scaled-e1686499775800-225x300.jpg\",\"contentUrl\":\"https:\/\/www.acmetro.fr\/wp-content\/uploads\/2023\/06\/20230611_180243-scaled-e1686499775800-225x300.jpg\"},{\"@type\":\"BreadcrumbList\",\"@id\":\"https:\/\/www.acmetro.fr\/index.php\/about-fr\/#breadcrumb\",\"itemListElement\":[{\"@type\":\"ListItem\",\"position\":1,\"name\":\"Accueil\",\"item\":\"http:\/\/www.acmetro.fr\/\"},{\"@type\":\"ListItem\",\"position\":2,\"name\":\"A propos\"}]},{\"@type\":\"WebSite\",\"@id\":\"https:\/\/www.acmetro.fr\/#website\",\"url\":\"https:\/\/www.acmetro.fr\/\",\"name\":\"ACmetro\",\"description\":\"Consultant m\u00e9trologue\",\"publisher\":{\"@id\":\"https:\/\/www.acmetro.fr\/#organization\"},\"potentialAction\":[{\"@type\":\"SearchAction\",\"target\":{\"@type\":\"EntryPoint\",\"urlTemplate\":\"https:\/\/www.acmetro.fr\/?s={search_term_string}\"},\"query-input\":{\"@type\":\"PropertyValueSpecification\",\"valueRequired\":true,\"valueName\":\"search_term_string\"}}],\"inLanguage\":\"fr-FR\"},{\"@type\":\"Organization\",\"@id\":\"https:\/\/www.acmetro.fr\/#organization\",\"name\":\"ACmetro\",\"url\":\"https:\/\/www.acmetro.fr\/\",\"logo\":{\"@type\":\"ImageObject\",\"inLanguage\":\"fr-FR\",\"@id\":\"https:\/\/www.acmetro.fr\/#\/schema\/logo\/image\/\",\"url\":\"https:\/\/www.acmetro.fr\/wp-content\/uploads\/2023\/06\/cropped-Logo-ACmetro.png\",\"contentUrl\":\"https:\/\/www.acmetro.fr\/wp-content\/uploads\/2023\/06\/cropped-Logo-ACmetro.png\",\"width\":282,\"height\":94,\"caption\":\"ACmetro\"},\"image\":{\"@id\":\"https:\/\/www.acmetro.fr\/#\/schema\/logo\/image\/\"}}]}<\/script>\n<!-- \/ Yoast SEO plugin. -->","yoast_head_json":{"title":"A propos - ACmetro","description":"ACmetro a propos exp\u00e9rience comp\u00e9tences","robots":{"index":"index","follow":"follow","max-snippet":"max-snippet:-1","max-image-preview":"max-image-preview:large","max-video-preview":"max-video-preview:-1"},"canonical":"https:\/\/www.acmetro.fr\/index.php\/about-fr\/","og_locale":"fr_FR","og_type":"article","og_title":"A propos - ACmetro","og_description":"ACmetro a propos exp\u00e9rience comp\u00e9tences","og_url":"https:\/\/www.acmetro.fr\/index.php\/about-fr\/","og_site_name":"ACmetro","article_modified_time":"2023-06-11T16:12:45+00:00","og_image":[{"url":"https:\/\/www.acmetro.fr\/wp-content\/uploads\/2023\/06\/20230611_180243-scaled-e1686499775800-225x300.jpg","type":"","width":"","height":""}],"twitter_card":"summary_large_image","twitter_misc":{"Dur\u00e9e de lecture estim\u00e9e":"2 minutes"},"schema":{"@context":"https:\/\/schema.org","@graph":[{"@type":"WebPage","@id":"https:\/\/www.acmetro.fr\/index.php\/about-fr\/","url":"https:\/\/www.acmetro.fr\/index.php\/about-fr\/","name":"A propos - ACmetro","isPartOf":{"@id":"https:\/\/www.acmetro.fr\/#website"},"primaryImageOfPage":{"@id":"https:\/\/www.acmetro.fr\/index.php\/about-fr\/#primaryimage"},"image":{"@id":"https:\/\/www.acmetro.fr\/index.php\/about-fr\/#primaryimage"},"thumbnailUrl":"https:\/\/www.acmetro.fr\/wp-content\/uploads\/2023\/06\/20230611_180243-scaled-e1686499775800-225x300.jpg","datePublished":"2014-08-20T13:52:36+00:00","dateModified":"2023-06-11T16:12:45+00:00","description":"ACmetro a propos exp\u00e9rience comp\u00e9tences","breadcrumb":{"@id":"https:\/\/www.acmetro.fr\/index.php\/about-fr\/#breadcrumb"},"inLanguage":"fr-FR","potentialAction":[{"@type":"ReadAction","target":["https:\/\/www.acmetro.fr\/index.php\/about-fr\/"]}]},{"@type":"ImageObject","inLanguage":"fr-FR","@id":"https:\/\/www.acmetro.fr\/index.php\/about-fr\/#primaryimage","url":"https:\/\/www.acmetro.fr\/wp-content\/uploads\/2023\/06\/20230611_180243-scaled-e1686499775800-225x300.jpg","contentUrl":"https:\/\/www.acmetro.fr\/wp-content\/uploads\/2023\/06\/20230611_180243-scaled-e1686499775800-225x300.jpg"},{"@type":"BreadcrumbList","@id":"https:\/\/www.acmetro.fr\/index.php\/about-fr\/#breadcrumb","itemListElement":[{"@type":"ListItem","position":1,"name":"Accueil","item":"http:\/\/www.acmetro.fr\/"},{"@type":"ListItem","position":2,"name":"A propos"}]},{"@type":"WebSite","@id":"https:\/\/www.acmetro.fr\/#website","url":"https:\/\/www.acmetro.fr\/","name":"ACmetro","description":"Consultant m\u00e9trologue","publisher":{"@id":"https:\/\/www.acmetro.fr\/#organization"},"potentialAction":[{"@type":"SearchAction","target":{"@type":"EntryPoint","urlTemplate":"https:\/\/www.acmetro.fr\/?s={search_term_string}"},"query-input":{"@type":"PropertyValueSpecification","valueRequired":true,"valueName":"search_term_string"}}],"inLanguage":"fr-FR"},{"@type":"Organization","@id":"https:\/\/www.acmetro.fr\/#organization","name":"ACmetro","url":"https:\/\/www.acmetro.fr\/","logo":{"@type":"ImageObject","inLanguage":"fr-FR","@id":"https:\/\/www.acmetro.fr\/#\/schema\/logo\/image\/","url":"https:\/\/www.acmetro.fr\/wp-content\/uploads\/2023\/06\/cropped-Logo-ACmetro.png","contentUrl":"https:\/\/www.acmetro.fr\/wp-content\/uploads\/2023\/06\/cropped-Logo-ACmetro.png","width":282,"height":94,"caption":"ACmetro"},"image":{"@id":"https:\/\/www.acmetro.fr\/#\/schema\/logo\/image\/"}}]}},"_links":{"self":[{"href":"https:\/\/www.acmetro.fr\/index.php\/wp-json\/wp\/v2\/pages\/924","targetHints":{"allow":["GET"]}}],"collection":[{"href":"https:\/\/www.acmetro.fr\/index.php\/wp-json\/wp\/v2\/pages"}],"about":[{"href":"https:\/\/www.acmetro.fr\/index.php\/wp-json\/wp\/v2\/types\/page"}],"author":[{"embeddable":true,"href":"https:\/\/www.acmetro.fr\/index.php\/wp-json\/wp\/v2\/users\/1"}],"replies":[{"embeddable":true,"href":"https:\/\/www.acmetro.fr\/index.php\/wp-json\/wp\/v2\/comments?post=924"}],"version-history":[{"count":47,"href":"https:\/\/www.acmetro.fr\/index.php\/wp-json\/wp\/v2\/pages\/924\/revisions"}],"predecessor-version":[{"id":7134,"href":"https:\/\/www.acmetro.fr\/index.php\/wp-json\/wp\/v2\/pages\/924\/revisions\/7134"}],"wp:attachment":[{"href":"https:\/\/www.acmetro.fr\/index.php\/wp-json\/wp\/v2\/media?parent=924"}],"curies":[{"name":"wp","href":"https:\/\/api.w.org\/{rel}","templated":true}]}}